{"id":1521,"date":"2016-08-17T12:16:39","date_gmt":"2016-08-17T12:16:39","guid":{"rendered":"http:\/\/poseidom.ihcantabria.com\/?page_id=1521"},"modified":"2018-12-04T15:00:36","modified_gmt":"2018-12-04T15:00:36","slug":"team","status":"publish","type":"page","link":"https:\/\/poseidom.ihcantabria.com\/en\/team\/","title":{"rendered":"Team"},"content":{"rendered":"<p>[:es _i=&#8221;0&#8243; _address=&#8221;0&#8243; \/][et_pb_section fb_built=&#8221;1&#8243; fullwidth=&#8221;on&#8221; custom_padding_last_edited=&#8221;on|desktop&#8221; disabled_on=&#8221;on||&#8221; _builder_version=&#8221;3.17.6&#8243; background_image=&#8221;http:\/\/poseidom.ihcantabria.com\/wp-content\/uploads\/2018\/11\/34505266593_9237c2e3d0_o_flickr.jpg&#8221; background_position=&#8221;bottom_center&#8221; custom_padding_tablet=&#8221;50px|0|50px|0&#8243; custom_css_main_element=&#8221;height:325px;&#8221;][et_pb_fullwidth_header text_orientation=&#8221;right&#8221; _builder_version=&#8221;3.16&#8243; title_font=&#8221;|on|||&#8221; title_font_size=&#8221;34px&#8221; background_color=&#8221;rgba(255,255,255,0)&#8221; background_layout=&#8221;light&#8221; button_one_text_size__hover_enabled=&#8221;off&#8221; button_one_text_size__hover=&#8221;null&#8221; button_two_text_size__hover_enabled=&#8221;off&#8221; button_two_text_size__hover=&#8221;null&#8221; button_one_text_color__hover_enabled=&#8221;off&#8221; button_one_text_color__hover=&#8221;null&#8221; button_two_text_color__hover_enabled=&#8221;off&#8221; button_two_text_color__hover=&#8221;null&#8221; button_one_border_width__hover_enabled=&#8221;off&#8221; button_one_border_width__hover=&#8221;null&#8221; button_two_border_width__hover_enabled=&#8221;off&#8221; button_two_border_width__hover=&#8221;null&#8221; button_one_border_color__hover_enabled=&#8221;off&#8221; button_one_border_color__hover=&#8221;null&#8221; button_two_border_color__hover_enabled=&#8221;off&#8221; button_two_border_color__hover=&#8221;null&#8221; button_one_border_radius__hover_enabled=&#8221;off&#8221; button_one_border_radius__hover=&#8221;null&#8221; button_two_border_radius__hover_enabled=&#8221;off&#8221; button_two_border_radius__hover=&#8221;null&#8221; button_one_letter_spacing__hover_enabled=&#8221;off&#8221; button_one_letter_spacing__hover=&#8221;null&#8221; button_two_letter_spacing__hover_enabled=&#8221;off&#8221; button_two_letter_spacing__hover=&#8221;null&#8221; button_one_bg_color__hover_enabled=&#8221;off&#8221; button_one_bg_color__hover=&#8221;null&#8221; button_two_bg_color__hover_enabled=&#8221;off&#8221; button_two_bg_color__hover=&#8221;null&#8221;]<\/p>\n<p>[\/et_pb_fullwidth_header][\/et_pb_section][et_pb_section fb_built=&#8221;1&#8243; specialty=&#8221;on&#8221; _builder_version=&#8221;3.0.47&#8243;][et_pb_column type=&#8221;2_3&#8243; specialty_columns=&#8221;4&#8243; _builder_version=&#8221;3.0.47&#8243; parallax=&#8221;off&#8221; parallax__hover=&#8221;off&#8221; parallax_method=&#8221;on&#8221; parallax_method__hover=&#8221;on&#8221;][et_pb_row_inner admin_label=&#8221;Fila&#8221; _builder_version=&#8221;3.0.47&#8243;][et_pb_column_inner type=&#8221;4_4&#8243; saved_specialty_column_type=&#8221;2_3&#8243; _builder_version=&#8221;3.0.47&#8243; parallax=&#8221;off&#8221; parallax__hover=&#8221;off&#8221; parallax_method=&#8221;on&#8221; parallax_method__hover=&#8221;on&#8221;][et_pb_blurb title=&#8221;INGETEAM SERVICE&#8221; url=&#8221;https:\/\/www.ingeteam.com\/&#8221; image=&#8221;http:\/\/poseidom.ihcantabria.com\/wp-content\/uploads\/2018\/11\/INGETEAM_6258x1350.gif&#8221; image_max_width=&#8221;25%&#8221; content_max_width=&#8221;1100px&#8221; _builder_version=&#8221;3.17.6&#8243; header_font=&#8221;|700|||||||&#8221; header_font_size=&#8221;20&#8243; body_font=&#8221;Saira Semi Condensed|300|||||||&#8221; body_line_height=&#8221;1.2em&#8221; border_width_left=&#8221;4px&#8221; border_color_left=&#8221;#d30039&#8243; custom_padding=&#8221;|||4%&#8221; link_option_url=&#8221;https:\/\/www.ingeteam.com\/&#8221; custom_css_blurb_image=&#8221;position:relative;||float:inline-start;&#8221;]<\/p>\n<p>Ingeteam es un Grupo especializado en electr\u00f3nica de potencia y de control, (inversores, convertidores de frecuencia, controladores y protecciones), generadores, motores, bombas y proyectos de ingenier\u00eda el\u00e9ctrica y de automatizaci\u00f3n. Completa su oferta con servicios de operaci\u00f3n y mantenimiento.<\/p>\n<p>Desarrolla sus productos para los siguientes sectores: generaci\u00f3n e\u00f3lica, fotovoltaica, hidr\u00e1ulica y f\u00f3sil, industria de la transformaci\u00f3n de metales, naval, tracci\u00f3n ferroviaria, red de energ\u00eda el\u00e9ctrica, incluidas las subestaciones abarcando el transporte y la distribuci\u00f3n, buscando siempre una generaci\u00f3n y un consumo energ\u00e9tico m\u00e1s eficiente<\/p>\n<p>La empresa opera en todo el mundo, empleando a 3.800 personas, y su actividad est\u00e1 estructurada sobre la base de I+D, invirtiendo anualmente el 5% de su facturaci\u00f3n<\/p>\n<p>[\/et_pb_blurb][et_pb_blurb title=&#8221;ENEROCEAN&#8221; image=&#8221;http:\/\/poseidom.ihcantabria.com\/wp-content\/uploads\/2018\/11\/hxtt3iwummfslu1mdaie-1.png&#8221; content_max_width=&#8221;1100px&#8221; _builder_version=&#8221;3.17.6&#8243; header_font=&#8221;|700|||||||&#8221; header_font_size=&#8221;20&#8243; body_font=&#8221;Saira Semi Condensed|300|||||||&#8221; body_line_height=&#8221;1.2em&#8221; border_width_left=&#8221;4px&#8221; border_color_left=&#8221;#0a9de4&#8243; custom_padding=&#8221;|||4%&#8221;]<\/p>\n<p>\nEnerOcean es una PYME enfocada a las Energ\u00edas Renovables Marinas, desde la viabilidad hasta la promoci\u00f3n de instalaciones.<\/p>\n<p>Actualmente activo en proyectos I+D+i nacionales e internacionales (proyectos europeos Eurostars y FP7) relacionados con la conversi\u00f3n de energ\u00eda e\u00f3lica marina, de olas y mareas y tecnolog\u00edas de apoyo.<\/p>\n<p>[\/et_pb_blurb][et_pb_blurb title=&#8221;IHCantabria&#8221; url=&#8221;http:\/\/www.ihcantabria.com&#8221; image=&#8221;http:\/\/poseidom.ihcantabria.com\/wp-content\/uploads\/2018\/11\/IH_finalconUNIVCANTABRIA_rgb.jpg&#8221; image_max_width=&#8221;25%&#8221; content_max_width=&#8221;1100px&#8221; _builder_version=&#8221;3.17.6&#8243; header_font=&#8221;|700|||||||&#8221; header_font_size=&#8221;20&#8243; body_font=&#8221;Saira Semi Condensed|300|||||||&#8221; body_line_height=&#8221;1.2em&#8221; border_width_left=&#8221;4px&#8221; border_color_left=&#8221;#5482ab&#8221; custom_padding=&#8221;|||4%&#8221;]<\/p>\n<p>El Instituto de Hidr\u00e1ulica Ambiental de la Universidad de Cantabria &#8220;IHCantabria&#8221; es un centro mixto de investigaci\u00f3n, que desarrolla una enorme labor investigadora, de transferencia tecnol\u00f3gica y de formaci\u00f3n de especialistas. Esta labor ha colocado a IHCantabria en la \u00e9lite nacional e internacional del \u00e1rea del conocimiento cient\u00edfico-tecnol\u00f3gico relacionado con el ciclo del agua en sus diversas facetas. IHCantabria est\u00e1 formado por m\u00e1s de 140 investigadores y tiene m\u00e1s de treinta a\u00f1os de experiencia.<\/p>\n<p>Las instalaciones de IHCantabria han sido financiadas por el Ministerio de Econom\u00eda y Competitividad, Gobierno de Cantabria y Fondos FEDER de la Uni\u00f3n Europea para convertirse en Instalaci\u00f3n Cient\u00edfico T\u00e9cnica Singular (ICTS).<\/p>\n<p>[\/et_pb_blurb][\/et_pb_column_inner][\/et_pb_row_inner][\/et_pb_column][et_pb_column type=&#8221;1_3&#8243; _builder_version=&#8221;3.0.47&#8243; parallax=&#8221;off&#8221; parallax__hover=&#8221;off&#8221; parallax_method=&#8221;on&#8221; parallax_method__hover=&#8221;on&#8221;][et_pb_sidebar orientation=&#8221;right&#8221; area=&#8221;sidebar-1&#8243; _builder_version=&#8221;3.0.74&#8243; header_font=&#8221;|on|||&#8221;]<\/p>\n<p>[\/et_pb_sidebar][\/et_pb_column][\/et_pb_section][et_pb_section fb_built=&#8221;1&#8243; fullwidth=&#8221;on&#8221; custom_padding_last_edited=&#8221;on|desktop&#8221; disabled_on=&#8221;on||&#8221; _builder_version=&#8221;3.17.6&#8243; background_image=&#8221;http:\/\/poseidom.ihcantabria.com\/wp-content\/uploads\/2018\/11\/34505266593_9237c2e3d0_o_flickr.jpg&#8221; background_position=&#8221;bottom_center&#8221; custom_padding_tablet=&#8221;50px|0|50px|0&#8243; custom_css_main_element=&#8221;height:325px;&#8221;][et_pb_fullwidth_header text_orientation=&#8221;right&#8221; _builder_version=&#8221;3.16&#8243; title_font=&#8221;|on|||&#8221; title_font_size=&#8221;34px&#8221; background_color=&#8221;rgba(255,255,255,0)&#8221; background_layout=&#8221;light&#8221; button_one_text_size__hover_enabled=&#8221;off&#8221; button_one_text_size__hover=&#8221;null&#8221; button_two_text_size__hover_enabled=&#8221;off&#8221; button_two_text_size__hover=&#8221;null&#8221; button_one_text_color__hover_enabled=&#8221;off&#8221; button_one_text_color__hover=&#8221;null&#8221; button_two_text_color__hover_enabled=&#8221;off&#8221; button_two_text_color__hover=&#8221;null&#8221; button_one_border_width__hover_enabled=&#8221;off&#8221; button_one_border_width__hover=&#8221;null&#8221; button_two_border_width__hover_enabled=&#8221;off&#8221; button_two_border_width__hover=&#8221;null&#8221; button_one_border_color__hover_enabled=&#8221;off&#8221; button_one_border_color__hover=&#8221;null&#8221; button_two_border_color__hover_enabled=&#8221;off&#8221; button_two_border_color__hover=&#8221;null&#8221; button_one_border_radius__hover_enabled=&#8221;off&#8221; button_one_border_radius__hover=&#8221;null&#8221; button_two_border_radius__hover_enabled=&#8221;off&#8221; button_two_border_radius__hover=&#8221;null&#8221; button_one_letter_spacing__hover_enabled=&#8221;off&#8221; button_one_letter_spacing__hover=&#8221;null&#8221; button_two_letter_spacing__hover_enabled=&#8221;off&#8221; button_two_letter_spacing__hover=&#8221;null&#8221; button_one_bg_color__hover_enabled=&#8221;off&#8221; button_one_bg_color__hover=&#8221;null&#8221; button_two_bg_color__hover_enabled=&#8221;off&#8221; button_two_bg_color__hover=&#8221;null&#8221;][\/et_pb_fullwidth_header][\/et_pb_section][et_pb_section fb_built=&#8221;1&#8243; custom_padding_last_edited=&#8221;on|desktop&#8221; _builder_version=&#8221;3.17.6&#8243; background_color=&#8221;#284d70&#8243; custom_padding_tablet=&#8221;50px|0|50px|0&#8243; global_module=&#8221;1935&#8243;][et_pb_row custom_padding=&#8221;31px||31px|&#8221; column_padding_mobile=&#8221;on&#8221; _builder_version=&#8221;3.17.6&#8243; background_size=&#8221;initial&#8221; background_position=&#8221;top_left&#8221; background_repeat=&#8221;repeat&#8221;][et_pb_column type=&#8221;1_5&#8243; _builder_version=&#8221;3.0.47&#8243; column_padding_mobile=&#8221;on&#8221; parallax=&#8221;off&#8221; parallax_method=&#8221;on&#8221;][et_pb_text _builder_version=&#8221;3.17.6&#8243; text_font=&#8221;|on|||&#8221; text_font_size=&#8221;16&#8243; background_size=&#8221;initial&#8221; background_position=&#8221;top_left&#8221; background_repeat=&#8221;repeat&#8221; background_layout=&#8221;dark&#8221; custom_css_main_element=&#8221;width:150%;&#8221;]<\/p>\n<p>POSEIDOM es un proyecto de:<\/p>\n<p>[\/et_pb_text][\/et_pb_column][et_pb_column type=&#8221;1_5&#8243; _builder_version=&#8221;3.0.47&#8243; column_padding_mobile=&#8221;on&#8221; parallax=&#8221;off&#8221; parallax_method=&#8221;on&#8221;][\/et_pb_column][et_pb_column type=&#8221;1_5&#8243; _builder_version=&#8221;3.0.47&#8243; column_padding_mobile=&#8221;on&#8221; parallax=&#8221;off&#8221; parallax_method=&#8221;on&#8221;][\/et_pb_column][et_pb_column type=&#8221;1_5&#8243; _builder_version=&#8221;3.0.47&#8243; column_padding_mobile=&#8221;on&#8221; parallax=&#8221;off&#8221; parallax_method=&#8221;on&#8221;][\/et_pb_column][et_pb_column type=&#8221;1_5&#8243; _builder_version=&#8221;3.0.47&#8243; column_padding_mobile=&#8221;on&#8221; parallax=&#8221;off&#8221; parallax_method=&#8221;on&#8221;][et_pb_text _builder_version=&#8221;3.17.6&#8243; text_font=&#8221;|on|||&#8221; text_font_size=&#8221;16&#8243; background_size=&#8221;initial&#8221; background_position=&#8221;top_left&#8221; background_repeat=&#8221;repeat&#8221; background_layout=&#8221;dark&#8221;]<\/p>\n<p>Con el apoyo de:<\/p>\n<\/p>\n<p>[\/et_pb_text][\/et_pb_column][\/et_pb_row][et_pb_row custom_margin=&#8221;-31px|||&#8221; _builder_version=&#8221;3.17.6&#8243; background_size=&#8221;initial&#8221; background_position=&#8221;top_left&#8221; background_repeat=&#8221;repeat&#8221;][et_pb_column type=&#8221;1_5&#8243; _builder_version=&#8221;3.0.47&#8243; parallax=&#8221;off&#8221; parallax_method=&#8221;on&#8221;][et_pb_image src=&#8221;http:\/\/poseidom.ihcantabria.com\/wp-content\/uploads\/2018\/11\/INGETEAM_6258x1350.gif&#8221; _builder_version=&#8221;3.17.6&#8243; custom_css_main_element=&#8221;width:150%;||&#8221;][\/et_pb_image][\/et_pb_column][et_pb_column type=&#8221;1_5&#8243; _builder_version=&#8221;3.0.47&#8243; parallax=&#8221;off&#8221; parallax_method=&#8221;on&#8221;][et_pb_image src=&#8221;http:\/\/poseidom.ihcantabria.com\/wp-content\/uploads\/2018\/11\/hxtt3iwummfslu1mdaie-1.png&#8221; _builder_version=&#8221;3.17.6&#8243; max_width=&#8221;66%&#8221; module_alignment=&#8221;right&#8221;][\/et_pb_image][\/et_pb_column][et_pb_column type=&#8221;1_5&#8243; _builder_version=&#8221;3.0.47&#8243; parallax=&#8221;off&#8221; parallax_method=&#8221;on&#8221;][et_pb_image src=&#8221;http:\/\/poseidom.ihcantabria.com\/wp-content\/uploads\/2016\/08\/ih.png&#8221; _builder_version=&#8221;3.17.6&#8243; max_width=&#8221;81%&#8221; module_alignment=&#8221;right&#8221; animation=&#8221;off&#8221;][\/et_pb_image][\/et_pb_column][et_pb_column type=&#8221;1_5&#8243; _builder_version=&#8221;3.0.47&#8243; parallax=&#8221;off&#8221; parallax_method=&#8221;on&#8221;][et_pb_image src=&#8221;http:\/\/poseidom.ihcantabria.com\/wp-content\/uploads\/2016\/08\/FIHC_UC_BN_neg_grande.png&#8221; _builder_version=&#8221;3.17.6&#8243; max_width=&#8221;71%&#8221; module_alignment=&#8221;left&#8221; animation=&#8221;off&#8221; sticky=&#8221;off&#8221;][\/et_pb_image][\/et_pb_column][et_pb_column type=&#8221;1_5&#8243; _builder_version=&#8221;3.0.47&#8243; parallax=&#8221;off&#8221; parallax_method=&#8221;on&#8221;][et_pb_image src=&#8221;http:\/\/poseidom.ihcantabria.com\/wp-content\/uploads\/2018\/11\/Logotipo_del_Ministerio_de_Economi\u0301a_y_Competitividad.png&#8221; url=&#8221;http:\/\/www.idi.mineco.gob.es\/portal\/site\/MICINN\/aei&#8221; url_new_window=&#8221;on&#8221; _builder_version=&#8221;3.17.6&#8243; module_alignment=&#8221;center&#8221; custom_css_main_element=&#8221;width:120%&#8221;][\/et_pb_image][\/et_pb_column][\/et_pb_row][\/et_pb_section][:en _i=&#8221;4&#8243; _address=&#8221;4&#8243; \/][:es _i=&#8221;5&#8243; _address=&#8221;5&#8243; \/][:en _i=&#8221;9&#8243; _address=&#8221;9&#8243; \/][: _i=&#8221;11&#8243; _address=&#8221;11&#8243; \/][: _i=&#8221;12&#8243; _address=&#8221;12&#8243; \/]<\/p>","protected":false},"excerpt":{"rendered":"<p>[:es _i=&#8221;0&#8243; _address=&#8221;0&#8243; \/] Ingeteam es un Grupo especializado en electr\u00f3nica de potencia y de control, (inversores, convertidores de frecuencia, controladores y protecciones), generadores, motores, bombas y proyectos de ingenier\u00eda el\u00e9ctrica y de automatizaci\u00f3n. Completa su oferta con servicios de operaci\u00f3n y mantenimiento. Desarrolla sus productos para los siguientes sectores: generaci\u00f3n e\u00f3lica, fotovoltaica, hidr\u00e1ulica y [&hellip;]<\/p>\n","protected":false},"author":1,"featured_media":0,"parent":0,"menu_order":0,"comment_status":"closed","ping_status":"closed","template":"","meta":{"_et_pb_use_builder":"on","_et_pb_old_content":"","_et_gb_content_width":""},"_links":{"self":[{"href":"https:\/\/poseidom.ihcantabria.com\/en\/wp-json\/wp\/v2\/pages\/1521"}],"collection":[{"href":"https:\/\/poseidom.ihcantabria.com\/en\/wp-json\/wp\/v2\/pages"}],"about":[{"href":"https:\/\/poseidom.ihcantabria.com\/en\/wp-json\/wp\/v2\/types\/page"}],"author":[{"embeddable":true,"href":"https:\/\/poseidom.ihcantabria.com\/en\/wp-json\/wp\/v2\/users\/1"}],"replies":[{"embeddable":true,"href":"https:\/\/poseidom.ihcantabria.com\/en\/wp-json\/wp\/v2\/comments?post=1521"}],"version-history":[{"count":96,"href":"https:\/\/poseidom.ihcantabria.com\/en\/wp-json\/wp\/v2\/pages\/1521\/revisions"}],"predecessor-version":[{"id":2756,"href":"https:\/\/poseidom.ihcantabria.com\/en\/wp-json\/wp\/v2\/pages\/1521\/revisions\/2756"}],"wp:attachment":[{"href":"https:\/\/poseidom.ihcantabria.com\/en\/wp-json\/wp\/v2\/media?parent=1521"}],"curies":[{"name":"wp","href":"https:\/\/api.w.org\/{rel}","templated":true}]}}