{"id":1487,"date":"2016-08-17T11:05:10","date_gmt":"2016-08-17T11:05:10","guid":{"rendered":"http:\/\/poseidom.ihcantabria.com\/?page_id=1487"},"modified":"2020-05-29T10:11:17","modified_gmt":"2020-05-29T10:11:17","slug":"inicio","status":"publish","type":"page","link":"https:\/\/poseidom.ihcantabria.com\/en\/","title":{"rendered":"Inicio"},"content":{"rendered":"<p>[et_pb_section fb_built=&#8221;1&#8243; inner_shadow=&#8221;on&#8221; fullwidth=&#8221;on&#8221; custom_padding_last_edited=&#8221;on|desktop&#8221; disabled_on=&#8221;on||&#8221; _builder_version=&#8221;3.22&#8243; background_color=&#8221;rgba(5,5,5,0.6)&#8221; background_image=&#8221;http:\/\/poseidom.ihcantabria.com\/wp-content\/uploads\/2018\/11\/Windmills_Baltic_1_B_WIKIMEDIA-COMMONS.jpg&#8221; background_blend=&#8221;multiply&#8221; custom_padding_tablet=&#8221;50px|0|50px|0&#8243; custom_padding_phone=&#8221;&#8221; custom_css_main_element=&#8221;height:325px;&#8221; border_color_all=&#8221;rgba(51,51,51,0.89)&#8221;][et_pb_fullwidth_header title=&#8221;Plataforma para la Optimizaci\u00f3n, Simulaci\u00f3n y Evaluaci\u00f3n Inteligente De Operaciones Marinas&#8221; text_orientation=&#8221;center&#8221; background_overlay_color=&#8221;rgba(145,140,138,0.46)&#8221; content_max_width=&#8221;150%&#8221; _builder_version=&#8221;3.17.6&#8243; title_font=&#8221;|on|||&#8221; title_font_size=&#8221;45px&#8221; background_color=&#8221;rgba(255, 255, 255, 0)&#8221; title_font_size_tablet=&#8221;&#8221; title_font_size_phone=&#8221;&#8221; title_font_size_last_edited=&#8221;on|desktop&#8221; custom_css_main_element=&#8221;height:325px;&#8221; button_one_text_size__hover_enabled=&#8221;off&#8221; button_two_text_size__hover_enabled=&#8221;off&#8221; button_one_text_color__hover_enabled=&#8221;off&#8221; button_two_text_color__hover_enabled=&#8221;off&#8221; button_one_border_width__hover_enabled=&#8221;off&#8221; button_two_border_width__hover_enabled=&#8221;off&#8221; button_one_border_color__hover_enabled=&#8221;off&#8221; button_two_border_color__hover_enabled=&#8221;off&#8221; button_one_border_radius__hover_enabled=&#8221;off&#8221; button_two_border_radius__hover_enabled=&#8221;off&#8221; button_one_letter_spacing__hover_enabled=&#8221;off&#8221; button_two_letter_spacing__hover_enabled=&#8221;off&#8221; button_one_bg_color__hover_enabled=&#8221;off&#8221; button_two_bg_color__hover_enabled=&#8221;off&#8221;][\/et_pb_fullwidth_header][\/et_pb_section][et_pb_section fb_built=&#8221;1&#8243; fullwidth=&#8221;on&#8221; custom_padding_last_edited=&#8221;on|desktop&#8221; _builder_version=&#8221;3.22&#8243; background_color=&#8221;#e0c68d&#8221; custom_padding_tablet=&#8221;50px|0|50px|0&#8243; custom_padding_phone=&#8221;&#8221; custom_css_main_element=&#8221;max-height:80px;&#8221; padding_mobile=&#8221;off&#8221;][\/et_pb_section][et_pb_section fb_built=&#8221;1&#8243; specialty=&#8221;on&#8221; _builder_version=&#8221;3.22&#8243; custom_padding=&#8221;0px|0px|20px|0px|false|false&#8221;][et_pb_column type=&#8221;2_3&#8243; specialty_columns=&#8221;2&#8243; _builder_version=&#8221;3.25&#8243; custom_padding=&#8221;|||&#8221; custom_padding__hover=&#8221;|||&#8221;][et_pb_row_inner admin_label=&#8221;Fila&#8221; _builder_version=&#8221;3.25&#8243; custom_padding=&#8221;32.4333px|0px|75px|0px|false|false&#8221;][et_pb_column_inner saved_specialty_column_type=&#8221;2_3&#8243; _builder_version=&#8221;3.25&#8243; custom_padding=&#8221;|||&#8221; custom_padding__hover=&#8221;|||&#8221;][et_pb_text _builder_version=&#8221;3.27.4&#8243; background_size=&#8221;initial&#8221; background_position=&#8221;top_left&#8221; background_repeat=&#8221;repeat&#8221; module_alignment=&#8221;left&#8221;]<\/p>\n<p>En <strong>POSEIDOM<\/strong> se desarrolla una <strong>herramienta que permitir\u00e1 evaluar y optimizar la estrategia de Operaci\u00f3n y Mantenimiento (O&amp;M) de manera m\u00e1s adecuada y eficiente.<\/strong><\/p>\n<p>Se desarrollar\u00e1 un simulador, que tendr\u00e1 en cuenta el tipo de parque e\u00f3lico, el acceso al mismo y la transferencia de t\u00e9cnicos de O&amp;M a la turbina e\u00f3lica marina, espec\u00edfico para las condiciones ambientales de cada localizaci\u00f3n, con el fin de alcanzar reducci\u00f3n de riesgos, costes e impacto medioambiental e integrando un atlas meteo-oce\u00e1nico, cat\u00e1logos de barcos, medios de acceso, tiempos y costes de operaci\u00f3n entre otros.<\/p>\n<p>[\/et_pb_text][et_pb_image src=&#8221;http:\/\/poseidom.ihcantabria.com\/wp-content\/uploads\/2018\/11\/Cuadro_DescripcionProyecto.png&#8221; show_in_lightbox=&#8221;on&#8221; align_tablet=&#8221;center&#8221; align_phone=&#8221;&#8221; align_last_edited=&#8221;on|desktop&#8221; _builder_version=&#8221;3.23&#8243; max_width=&#8221;50%&#8221; module_alignment=&#8221;center&#8221;]<br \/>\n[\/et_pb_image][et_pb_text _builder_version=&#8221;3.27.4&#8243; text_font=&#8221;|300|||||||&#8221; custom_padding=&#8221;5%|5%|5%|5%&#8221; border_width_all=&#8221;1px&#8221;]<\/p>\n<p><strong>Objetivos de POSEIDOM<\/strong>: \u00a0<\/p>\n<ul>\n<li>Desarrollo de una metodolog\u00eda capaz de<strong> modelar el acceso a un parque e\u00f3lico marino<\/strong> en funci\u00f3n de su localizaci\u00f3n y las diferentes condiciones metoce\u00e1nicas.<\/li>\n<li>Desarrollo de una metodolog\u00eda capaz de <strong>modelar la transferencia de personal t\u00e9cnico de O&amp;M para diferentes plataformas<\/strong> (fijas o flotantes) en funci\u00f3n de las condiciones metoce\u00e1nicas.<\/li>\n<li><strong>Desarrollo de un simulador de O&amp;M que integre los modelos num\u00e9ricos<\/strong> y relaciones los datos de salida de unos y otros para obtener una medida de c\u00f3mo es la estrategia de O&amp;M adoptada para un parque e\u00f3lico marino.<\/li>\n<li><strong><strong>Desarrollo de un\u00a0atlas de O&amp;M\u00a0<\/strong><\/strong>para la identificaci\u00f3n de nichos de mercado.<\/li>\n<\/ul>\n<p>[\/et_pb_text][\/et_pb_column_inner][\/et_pb_row_inner][\/et_pb_column][et_pb_column type=&#8221;1_3&#8243; _builder_version=&#8221;3.25&#8243; custom_padding=&#8221;|||&#8221; custom_padding__hover=&#8221;|||&#8221;][et_pb_sidebar orientation=&#8221;right&#8221; area=&#8221;sidebar-1&#8243; _builder_version=&#8221;3.0.74&#8243; header_font=&#8221;|on|||&#8221;]<\/p>\n<p>&nbsp;<\/p>\n<p>[\/et_pb_sidebar][\/et_pb_column][\/et_pb_section][et_pb_section fb_built=&#8221;1&#8243; custom_padding_last_edited=&#8221;on|desktop&#8221; _builder_version=&#8221;3.17.6&#8243; background_color=&#8221;#284d70&#8243; custom_padding_tablet=&#8221;50px|0|50px|0&#8243; custom_padding_phone=&#8221;&#8221; global_module=&#8221;1935&#8243;][et_pb_row column_structure=&#8221;1_5,1_5,1_5,1_5,1_5&#8243; column_padding_mobile=&#8221;on&#8221; _builder_version=&#8221;3.25&#8243; background_size=&#8221;initial&#8221; background_position=&#8221;top_left&#8221; background_repeat=&#8221;repeat&#8221; custom_padding=&#8221;31px||31px|&#8221;][et_pb_column type=&#8221;1_5&#8243; _builder_version=&#8221;3.25&#8243; custom_padding=&#8221;|||&#8221; custom_padding__hover=&#8221;|||&#8221;][et_pb_text _builder_version=&#8221;3.27.4&#8243; text_font=&#8221;|on|||&#8221; text_font_size=&#8221;16&#8243; background_size=&#8221;initial&#8221; background_position=&#8221;top_left&#8221; background_repeat=&#8221;repeat&#8221; background_layout=&#8221;dark&#8221; custom_css_main_element=&#8221;width:150%;&#8221;]<\/p>\n<p>POSEIDOM es un proyecto de:<\/p>\n<p>[\/et_pb_text][\/et_pb_column][et_pb_column type=&#8221;1_5&#8243; _builder_version=&#8221;3.25&#8243; custom_padding=&#8221;|||&#8221; custom_padding__hover=&#8221;|||&#8221;][\/et_pb_column][et_pb_column type=&#8221;1_5&#8243; _builder_version=&#8221;3.25&#8243; custom_padding=&#8221;|||&#8221; custom_padding__hover=&#8221;|||&#8221;][\/et_pb_column][et_pb_column type=&#8221;1_5&#8243; _builder_version=&#8221;3.25&#8243; custom_padding=&#8221;|||&#8221; custom_padding__hover=&#8221;|||&#8221;][\/et_pb_column][et_pb_column type=&#8221;1_5&#8243; _builder_version=&#8221;3.25&#8243; custom_padding=&#8221;|||&#8221; custom_padding__hover=&#8221;|||&#8221;][et_pb_text _builder_version=&#8221;3.27.4&#8243; text_font=&#8221;|on|||&#8221; text_font_size=&#8221;16&#8243; background_size=&#8221;initial&#8221; background_position=&#8221;top_left&#8221; background_repeat=&#8221;repeat&#8221; background_layout=&#8221;dark&#8221;]<\/p>\n<p>Con el apoyo de:<\/p>\n<\/p>\n<p>[\/et_pb_text][\/et_pb_column][\/et_pb_row][et_pb_row column_structure=&#8221;1_5,1_5,1_5,1_5,1_5&#8243; _builder_version=&#8221;3.25&#8243; background_size=&#8221;initial&#8221; background_position=&#8221;top_left&#8221; background_repeat=&#8221;repeat&#8221; custom_margin=&#8221;-31px|||&#8221;][et_pb_column type=&#8221;1_5&#8243; _builder_version=&#8221;3.25&#8243; custom_padding=&#8221;|||&#8221; custom_padding__hover=&#8221;|||&#8221;][et_pb_image src=&#8221;https:\/\/poseidom.ihcantabria.com\/wp-content\/uploads\/2020\/03\/Ingeteam.png&#8221; align_tablet=&#8221;center&#8221; align_phone=&#8221;&#8221; align_last_edited=&#8221;on|desktop&#8221; _builder_version=&#8221;4.3.4&#8243; width=&#8221;90%&#8221; max_width=&#8221;95%&#8221; custom_css_main_element=&#8221;width:150%;||&#8221;][\/et_pb_image][\/et_pb_column][et_pb_column type=&#8221;1_5&#8243; _builder_version=&#8221;3.25&#8243; custom_padding=&#8221;|||&#8221; custom_padding__hover=&#8221;|||&#8221;][et_pb_image src=&#8221;https:\/\/poseidom.ihcantabria.com\/wp-content\/uploads\/2020\/03\/enerocen.png&#8221; align_tablet=&#8221;center&#8221; align_phone=&#8221;&#8221; align_last_edited=&#8221;on|desktop&#8221; _builder_version=&#8221;4.3.4&#8243; max_width=&#8221;66%&#8221; module_alignment=&#8221;right&#8221;][\/et_pb_image][\/et_pb_column][et_pb_column type=&#8221;1_5&#8243; _builder_version=&#8221;3.25&#8243; custom_padding=&#8221;|||&#8221; custom_padding__hover=&#8221;|||&#8221;][et_pb_image src=&#8221;https:\/\/poseidom.ihcantabria.com\/wp-content\/uploads\/2020\/05\/Logo-IHCantabria-Universidad-Cantabria-whitev2.png&#8221; align_tablet=&#8221;center&#8221; align_phone=&#8221;&#8221; align_last_edited=&#8221;on|desktop&#8221; _builder_version=&#8221;4.4.7&#8243; max_width=&#8221;81%&#8221; module_alignment=&#8221;right&#8221; hover_enabled=&#8221;0&#8243; animation=&#8221;off&#8221; title_text=&#8221;Logo IHCantabria-Universidad Cantabria-whitev2&#8243;][\/et_pb_image][\/et_pb_column][et_pb_column type=&#8221;1_5&#8243; _builder_version=&#8221;3.25&#8243; custom_padding=&#8221;|||&#8221; custom_padding__hover=&#8221;|||&#8221;][et_pb_image src=&#8221;https:\/\/poseidom.ihcantabria.com\/wp-content\/uploads\/2020\/05\/logo_FIHUC_CMYK_blanco-1.png&#8221; align_tablet=&#8221;center&#8221; align_phone=&#8221;&#8221; align_last_edited=&#8221;on|desktop&#8221; _builder_version=&#8221;4.4.7&#8243; max_width=&#8221;71%&#8221; module_alignment=&#8221;left&#8221; hover_enabled=&#8221;0&#8243; animation=&#8221;off&#8221; sticky=&#8221;off&#8221; title_text=&#8221;logo_FIHUC_CMYK_blanco&#8221;][\/et_pb_image][\/et_pb_column][et_pb_column type=&#8221;1_5&#8243; _builder_version=&#8221;3.25&#8243; custom_padding=&#8221;|||&#8221; custom_padding__hover=&#8221;|||&#8221;][et_pb_image src=&#8221;http:\/\/poseidom.ihcantabria.com\/wp-content\/uploads\/2018\/12\/1_MEIC_Gob_AEI.jpg&#8221; url=&#8221;http:\/\/www.idi.mineco.gob.es\/portal\/site\/MICINN\/aei&#8221; url_new_window=&#8221;on&#8221; align_tablet=&#8221;center&#8221; align_phone=&#8221;&#8221; align_last_edited=&#8221;on|desktop&#8221; _builder_version=&#8221;4.4.7&#8243; module_alignment=&#8221;center&#8221; hover_enabled=&#8221;0&#8243; custom_css_main_element=&#8221;width:120%&#8221;][\/et_pb_image][et_pb_image src=&#8221;http:\/\/poseidom.ihcantabria.com\/wp-content\/uploads\/2018\/12\/feder.png&#8221; url=&#8221;http:\/\/www.idi.mineco.gob.es\/portal\/site\/MICINN\/aei&#8221; url_new_window=&#8221;on&#8221; align_tablet=&#8221;center&#8221; align_phone=&#8221;&#8221; align_last_edited=&#8221;on|desktop&#8221; _builder_version=&#8221;3.23&#8243; max_width=&#8221;55%&#8221; module_alignment=&#8221;center&#8221; custom_css_main_element=&#8221;width:120%&#8221;][\/et_pb_image][\/et_pb_column][\/et_pb_row][\/et_pb_section]<\/p>\n","protected":false},"excerpt":{"rendered":"<p>En POSEIDOM se desarrolla una herramienta que permitir\u00e1 evaluar y optimizar la estrategia de Operaci\u00f3n y Mantenimiento (O&amp;M) de manera m\u00e1s adecuada y eficiente. Se desarrollar\u00e1 un simulador, que tendr\u00e1 en cuenta el tipo de parque e\u00f3lico, el acceso al mismo y la transferencia de t\u00e9cnicos de O&amp;M a la turbina e\u00f3lica marina, espec\u00edfico para [&hellip;]<\/p>\n","protected":false},"author":1,"featured_media":0,"parent":0,"menu_order":0,"comment_status":"closed","ping_status":"closed","template":"","meta":{"_et_pb_use_builder":"on","_et_pb_old_content":"","_et_gb_content_width":""},"_links":{"self":[{"href":"https:\/\/poseidom.ihcantabria.com\/en\/wp-json\/wp\/v2\/pages\/1487"}],"collection":[{"href":"https:\/\/poseidom.ihcantabria.com\/en\/wp-json\/wp\/v2\/pages"}],"about":[{"href":"https:\/\/poseidom.ihcantabria.com\/en\/wp-json\/wp\/v2\/types\/page"}],"author":[{"embeddable":true,"href":"https:\/\/poseidom.ihcantabria.com\/en\/wp-json\/wp\/v2\/users\/1"}],"replies":[{"embeddable":true,"href":"https:\/\/poseidom.ihcantabria.com\/en\/wp-json\/wp\/v2\/comments?post=1487"}],"version-history":[{"count":168,"href":"https:\/\/poseidom.ihcantabria.com\/en\/wp-json\/wp\/v2\/pages\/1487\/revisions"}],"predecessor-version":[{"id":2957,"href":"https:\/\/poseidom.ihcantabria.com\/en\/wp-json\/wp\/v2\/pages\/1487\/revisions\/2957"}],"wp:attachment":[{"href":"https:\/\/poseidom.ihcantabria.com\/en\/wp-json\/wp\/v2\/media?parent=1487"}],"curies":[{"name":"wp","href":"https:\/\/api.w.org\/{rel}","templated":true}]}}